{"id":51870,"date":"2018-01-16T11:10:04","date_gmt":"2018-01-16T10:10:04","guid":{"rendered":"https:\/\/manageart.es\/team\/"},"modified":"2021-10-15T12:44:13","modified_gmt":"2021-10-15T11:44:13","slug":"equipo","status":"publish","type":"page","link":"https:\/\/manageart.es\/es\/equipo\/","title":{"rendered":"Equipo"},"content":{"rendered":"<p>[vc_row bg_type=\u00bbimage\u00bb parallax_style=\u00bbvcpb-vz-jquery\u00bb bg_image_new=\u00bbid^51601|url^https:\/\/manageart.es\/new\/wp-content\/uploads\/2018\/05\/team.jpg|caption^null|alt^null|title^team|description^null\u00bb bg_image_repeat=\u00bbno-repeat\u00bb bg_override=\u00bbex-full\u00bb enable_overlay=\u00bbenable_overlay_value\u00bb overlay_color=\u00bbrgba(0,0,0,0.5)\u00bb overlay_pattern=\u00bbtransperant\u00bb overlay_pattern_opacity=\u00bb25&#8243; margin_top=\u00bb-50&#8243; type=\u00bbvc_default\u00bb css=\u00bb.vc_custom_1525343815830{padding-top: 12% !important;padding-bottom: 12% !important;background-color: #000000 !important;}\u00bb][vc_column offset=\u00bbvc_col-lg-12 vc_col-md-12&#8243; css=\u00bb.vc_custom_1476030031960{padding-bottom: 10px !important;}\u00bb]<div id=\"ultimate-heading-749769e769833d35e\" class=\"uvc-heading ult-adjust-bottom-margin ultimate-heading-749769e769833d35e uvc-9141 accent-title-color\" data-hspacer=\"no_spacer\"  data-halign=\"center\" style=\"text-align:center\"><div class=\"uvc-heading-spacer no_spacer\" style=\"top\"><\/div><div class=\"uvc-sub-heading ult-responsive\"  data-ultimate-target='.uvc-heading.ultimate-heading-749769e769833d35e .uvc-sub-heading '  data-responsive-json-new='{\"font-size\":\"desktop:70px;mobile_landscape:38px;mobile:30px;\",\"line-height\":\"desktop:80px;mobile_landscape:48px;mobile:40px;\"}'  style=\"font-weight:normal;color:#ffffff;margin-top:10px;margin-bottom:20px;\">QUI\u00c9NES SOMOS<\/div><\/div><style type=\"text\/css\" data-type=\"the7_shortcodes-inline-css\">.dt-breadcrumbs-id-9491ec69d85f4d494f99ac472cf06092 .breadcrumbs {\n  display: inline-block;\n  margin: 0;\n  padding: 2px 12px 2px 12px;\n  border: 1px solid rgba(255,255,255,0.25);\n  border-radius: 2px;\n}\n.dt-breadcrumbs-id-9491ec69d85f4d494f99ac472cf06092 .breadcrumbs * {\n  font-size: 13px;\n  line-height: 16px;\n  color: #ffffff;\n}\n<\/style><div class=\"dt-breadcrumbs-shortcode dt-breadcrumbs-id-9491ec69d85f4d494f99ac472cf06092 align-centre\"><div class=\"assistive-text\">Est\u00e1s aqu\u00ed:<\/div><ol class=\"breadcrumbs text-small\" itemscope itemtype=\"https:\/\/schema.org\/BreadcrumbList\"><li itemprop=\"itemListElement\" itemscope itemtype=\"https:\/\/schema.org\/ListItem\"><a itemprop=\"item\" href=\"https:\/\/manageart.es\/es\/\" title=\"\"><span itemprop=\"name\">Inicio<\/span><\/a><meta itemprop=\"position\" content=\"1\" \/><\/li><li class=\"current\" itemprop=\"itemListElement\" itemscope itemtype=\"https:\/\/schema.org\/ListItem\"><span itemprop=\"name\">P\u00e1gina<\/span><meta itemprop=\"position\" content=\"2\" \/><\/li><\/ol><\/div>[\/vc_column][\/vc_row][vc_row equal_height=\u00bbyes\u00bb bg_type=\u00bbbg_color\u00bb bg_override=\u00bbex-full\u00bb margin_bottom=\u00bb10&#8243; type=\u00bbvc_default\u00bb bg_color_value=\u00bbrgba(170,170,170,0.1)\u00bb css=\u00bb.vc_custom_1496400122333{padding-top: 70px !important;padding-bottom: 5px !important;}\u00bb][vc_column]<div id=\"ultimate-heading-792369e7698341329\" class=\"uvc-heading ult-adjust-bottom-margin ultimate-heading-792369e7698341329 uvc-2663 accent-border-color\" data-hspacer=\"line_only\"  data-halign=\"center\" style=\"text-align:center\"><div class=\"uvc-main-heading ult-responsive\"  data-ultimate-target='.uvc-heading.ultimate-heading-792369e7698341329 h2'  data-responsive-json-new='{\"font-size\":\"desktop:30px;\",\"line-height\":\"desktop:40px;\"}' ><h2 style=\"font-weight:bold;margin-bottom:15px;\">Sobre los fundadores<\/h2><\/div><div class=\"uvc-heading-spacer line_only\" style=\"margin-bottom:70px;height:3px;\"><span class=\"uvc-headings-line\" style=\"border-style:solid;border-bottom-width:3px;border-color:#ccc;width:100px;\"><\/span><\/div><\/div>[\/vc_column][vc_column width=\u00bb1\/2&#8243; css=\u00bb.vc_custom_1475961657111{padding-bottom: 70px !important;}\u00bb][vc_row_inner][vc_column_inner width=\u00bb1\/2&#8243;][vc_single_image image=\u00bb51707&#8243; img_size=\u00bb300&#215;300&#8243; alignment=\u00bbcenter\u00bb style=\u00bbvc_box_circle\u00bb onclick=\u00bblink_image\u00bb lazy_loading=\u00bbtrue\u00bb][\/vc_column_inner][vc_column_inner width=\u00bb1\/2&#8243;]<div id=\"ultimate-heading-59569e7698341360\" class=\"uvc-heading ult-adjust-bottom-margin ultimate-heading-59569e7698341360 uvc-4297 \" data-hspacer=\"no_spacer\"  data-halign=\"left\" style=\"text-align:left\"><div class=\"uvc-heading-spacer no_spacer\" style=\"top\"><\/div><div class=\"uvc-main-heading ult-responsive\"  data-ultimate-target='.uvc-heading.ultimate-heading-59569e7698341360 h2'  data-responsive-json-new='{\"font-size\":\"desktop:18px;\",\"line-height\":\"desktop:28px;\"}' ><h2 style=\"font-weight:bold;\">Jaume Ros<\/h2><\/div><div class=\"uvc-sub-heading ult-responsive\"  data-ultimate-target='.uvc-heading.ultimate-heading-59569e7698341360 .uvc-sub-heading '  data-responsive-json-new='{\"font-size\":\"desktop:14px;\",\"line-height\":\"desktop:24px;\"}'  style=\"font-weight:bold;color:#adb0b6;margin-bottom:20px;\">co-founder<\/div><\/div>[vc_column_text css=\u00bb.vc_custom_1526380858737{padding-bottom: 7px !important;}\u00bb]<span class=\"color-base-transparent\">Email:<\/span>\u00a0jros@manageart.es[\/vc_column_text][vc_column_text css=\u00bb.vc_custom_1526461056057{padding-bottom: 25px !important;}\u00bb]<div class=\"soc-ico\"><a title=\"Linkedin page opens in new window\" href=\"https:\/\/es.linkedin.com\/in\/jaumerosmanageart\" target=\"_blank\" class=\"linkedin\"><span class=\"soc-font-icon\"><\/span><span class=\"screen-reader-text\">Linkedin page opens in new window<\/span><\/a><\/div>[\/vc_column_text][vc_column_text]<em>Ingeniero Industrial y MBA por IESE. Jaume ha desarrollado toda su carrera en firmas consultoras de estrategia internacional desde 2007, cuando cofund\u00f3 ManageArt.<\/em>[\/vc_column_text][vc_column_text][\/vc_column_text][\/vc_column_inner][\/vc_row_inner][\/vc_column][vc_column width=\u00bb1\/2&#8243;][vc_row_inner css=\u00bb.vc_custom_1475961669198{padding-bottom: 70px !important;}\u00bb][vc_column_inner width=\u00bb1\/2&#8243;][vc_single_image image=\u00bb51706&#8243; img_size=\u00bb300&#215;300&#8243; alignment=\u00bbcenter\u00bb style=\u00bbvc_box_circle\u00bb onclick=\u00bblink_image\u00bb lazy_loading=\u00bbtrue\u00bb][\/vc_column_inner][vc_column_inner width=\u00bb1\/2&#8243;]<div id=\"ultimate-heading-935569e7698341560\" class=\"uvc-heading ult-adjust-bottom-margin ultimate-heading-935569e7698341560 uvc-4017 \" data-hspacer=\"no_spacer\"  data-halign=\"left\" style=\"text-align:left\"><div class=\"uvc-heading-spacer no_spacer\" style=\"top\"><\/div><div class=\"uvc-main-heading ult-responsive\"  data-ultimate-target='.uvc-heading.ultimate-heading-935569e7698341560 h2'  data-responsive-json-new='{\"font-size\":\"desktop:18px;\",\"line-height\":\"desktop:28px;\"}' ><h2 style=\"font-weight:bold;\">Nacho Llubi\u00e1<\/h2><\/div><div class=\"uvc-sub-heading ult-responsive\"  data-ultimate-target='.uvc-heading.ultimate-heading-935569e7698341560 .uvc-sub-heading '  data-responsive-json-new='{\"font-size\":\"desktop:14px;\",\"line-height\":\"desktop:24px;\"}'  style=\"font-weight:bold;color:#adb0b6;margin-bottom:20px;\">co-founder<\/div><\/div>[vc_column_text css=\u00bb.vc_custom_1527171868669{padding-bottom: 7px !important;}\u00bb]<span class=\"color-base-transparent\">Email:<\/span>\u00a0illubia@manageart.es[\/vc_column_text][vc_column_text css=\u00bb.vc_custom_1634296965426{padding-bottom: 25px !important;}\u00bb]<div class=\"soc-ico\"><a title=\"Linkedin page opens in new window\" href=\"https:\/\/es.linkedin.com\/in\/nachollubiamanageart\" target=\"_blank\" class=\"linkedin\"><span class=\"soc-font-icon\"><\/span><span class=\"screen-reader-text\">Linkedin page opens in new window<\/span><\/a><\/div>[\/vc_column_text][vc_column_text]<em>Ingeniero Industrial y MBA por ESADE. Nacho ha desarrollado toda su carrera en firmas internacionales de consultor\u00eda de estrategia y operaciones hasta 2007, cuando cofund\u00f3 ManageArt.<\/em>[\/vc_column_text][\/vc_column_inner][\/vc_row_inner][\/vc_column][\/vc_row][vc_row equal_height=\u00bbyes\u00bb margin_bottom=\u00bb10&#8243; type=\u00bbvc_default\u00bb css=\u00bb.vc_custom_1476045119936{padding-top: 70px !important;padding-bottom: 25px !important;}\u00bb][vc_column width=\u00bb1\/3&#8243; css=\u00bb.vc_custom_1475343006227{padding-bottom: 50px !important;}\u00bb][vc_single_image image=\u00bb51710&#8243; img_size=\u00bbfull\u00bb]<div id=\"ultimate-heading-775669e76983415e4\" class=\"uvc-heading ult-adjust-bottom-margin ultimate-heading-775669e76983415e4 uvc-3634 \" data-hspacer=\"no_spacer\"  data-halign=\"left\" style=\"text-align:left\"><div class=\"uvc-heading-spacer no_spacer\" style=\"top\"><\/div><div class=\"uvc-main-heading ult-responsive\"  data-ultimate-target='.uvc-heading.ultimate-heading-775669e76983415e4 h2'  data-responsive-json-new='{\"font-size\":\"desktop:18px;\",\"line-height\":\"desktop:28px;\"}' ><h2 style=\"font-weight:bold;margin-bottom:15px;\">Equipo<\/h2><\/div><\/div>[vc_column_text]<\/p>\n<p id=\"tw-target-text\" class=\"tw-data-text tw-text-large XcVN5d tw-ta\" dir=\"ltr\" data-placeholder=\"Traducci\u00f3n\"><span class=\"Y2IQFc\" lang=\"es\">Los profesionales del equipo cuentan con una amplia formaci\u00f3n y experiencia empresarial, ambos atributos esenciales de aportaci\u00f3n de valor a nuestros clientes. Todos ellos tienen una gran antig\u00fcedad con al menos 10 a\u00f1os de experiencia en el campo de la consultor\u00eda. Los consultores de ManageArt han desarrollado una gran experiencia tanto en empresas industriales como en industrias de servicios.<\/span><\/p>\n<p>[\/vc_column_text][\/vc_column][vc_column width=\u00bb1\/3&#8243; css=\u00bb.vc_custom_1475343010777{padding-bottom: 40px !important;}\u00bb][vc_single_image image=\u00bb51709&#8243; img_size=\u00bbfull\u00bb]<div id=\"ultimate-heading-771569e7698341610\" class=\"uvc-heading ult-adjust-bottom-margin ultimate-heading-771569e7698341610 uvc-9045 \" data-hspacer=\"no_spacer\"  data-halign=\"left\" style=\"text-align:left\"><div class=\"uvc-heading-spacer no_spacer\" style=\"top\"><\/div><div class=\"uvc-main-heading ult-responsive\"  data-ultimate-target='.uvc-heading.ultimate-heading-771569e7698341610 h2'  data-responsive-json-new='{\"font-size\":\"desktop:18px;\",\"line-height\":\"desktop:28px;\"}' ><h2 style=\"font-weight:bold;margin-bottom:15px;\">Expertos de la industria<\/h2><\/div><\/div>[vc_column_text]<\/p>\n<p id=\"tw-target-text\" class=\"tw-data-text tw-text-large XcVN5d tw-ta\" dir=\"ltr\" data-placeholder=\"Traducci\u00f3n\"><span class=\"Y2IQFc\" lang=\"es\">ManageArt refuerza su equipo con especialistas con profunda experiencia en alta direcci\u00f3n y con profesores de las principales escuelas de negocios. La combinaci\u00f3n adecuada de conocimiento y experiencia nos da un punto de vista multidisciplinar.<\/span><\/p>\n<p>[\/vc_column_text][\/vc_column][vc_column width=\u00bb1\/3&#8243; css=\u00bb.vc_custom_1475343016569{padding-bottom: 40px !important;}\u00bb][vc_single_image image=\u00bb51708&#8243; img_size=\u00bbfull\u00bb]<div id=\"ultimate-heading-653369e7698341632\" class=\"uvc-heading ult-adjust-bottom-margin ultimate-heading-653369e7698341632 uvc-390 \" data-hspacer=\"no_spacer\"  data-halign=\"left\" style=\"text-align:left\"><div class=\"uvc-heading-spacer no_spacer\" style=\"top\"><\/div><div class=\"uvc-main-heading ult-responsive\"  data-ultimate-target='.uvc-heading.ultimate-heading-653369e7698341632 h2'  data-responsive-json-new='{\"font-size\":\"desktop:18px;\",\"line-height\":\"desktop:28px;\"}' ><h2 style=\"font-weight:bold;margin-bottom:18px;\">Partners<\/h2><\/div><\/div>[vc_column_text]<\/p>\n<p id=\"tw-target-text\" class=\"tw-data-text tw-text-large XcVN5d tw-ta\" dir=\"ltr\" data-placeholder=\"Traducci\u00f3n\"><span class=\"Y2IQFc\" lang=\"es\">ManageArt est\u00e1 presente en los principales mercados de Europa con la colaboraci\u00f3n de partners espec\u00edficos en Italia y Alemania.<\/span><\/p>\n<p>[\/vc_column_text][\/vc_column][\/vc_row]<\/p>\n","protected":false},"excerpt":{"rendered":"<p>[vc_row bg_type=\u00bbimage\u00bb parallax_style=\u00bbvcpb-vz-jquery\u00bb bg_image_new=\u00bbid^51601|url^https:\/\/manageart.es\/new\/wp-content\/uploads\/2018\/05\/team.jpg|caption^null|alt^null|title^team|description^null\u00bb bg_image_repeat=\u00bbno-repeat\u00bb bg_override=\u00bbex-full\u00bb enable_overlay=\u00bbenable_overlay_value\u00bb overlay_color=\u00bbrgba(0,0,0,0.5)\u00bb overlay_pattern=\u00bbtransperant\u00bb overlay_pattern_opacity=\u00bb25&#8243; margin_top=\u00bb-50&#8243; type=\u00bbvc_default\u00bb css=\u00bb.vc_custom_1525343815830{padding-top: 12% !important;padding-bottom: 12% !important;background-color: #000000 !important;}\u00bb][vc_column offset=\u00bbvc_col-lg-12 vc_col-md-12&#8243; css=\u00bb.vc_custom_1476030031960{padding-bottom: 10px !important;}\u00bb][\/vc_column][\/vc_row][vc_row equal_height=\u00bbyes\u00bb bg_type=\u00bbbg_color\u00bb bg_override=\u00bbex-full\u00bb margin_bottom=\u00bb10&#8243; type=\u00bbvc_default\u00bb bg_color_value=\u00bbrgba(170,170,170,0.1)\u00bb css=\u00bb.vc_custom_1496400122333{padding-top: 70px !important;padding-bottom: 5px !important;}\u00bb][vc_column][\/vc_column][vc_column width=\u00bb1\/2&#8243; css=\u00bb.vc_custom_1475961657111{padding-bottom: 70px !important;}\u00bb][vc_row_inner][vc_column_inner width=\u00bb1\/2&#8243;][vc_single_image image=\u00bb51707&#8243; img_size=\u00bb300&#215;300&#8243; alignment=\u00bbcenter\u00bb style=\u00bbvc_box_circle\u00bb onclick=\u00bblink_image\u00bb lazy_loading=\u00bbtrue\u00bb][\/vc_column_inner][vc_column_inner width=\u00bb1\/2&#8243;][vc_column_text css=\u00bb.vc_custom_1526380858737{padding-bottom: 7px !important;}\u00bb]Email:\u00a0jros@manageart.es[\/vc_column_text][vc_column_text css=\u00bb.vc_custom_1526461056057{padding-bottom: 25px !important;}\u00bb][\/vc_column_text][vc_column_text]Ingeniero Industrial y&hellip;<\/p>\n","protected":false},"author":1,"featured_media":0,"parent":0,"menu_order":50,"comment_status":"closed","ping_status":"closed","template":"","meta":{"_mi_skip_tracking":false,"_exactmetrics_sitenote_active":false,"_exactmetrics_sitenote_note":"","_exactmetrics_sitenote_category":0,"footnotes":""},"_links":{"self":[{"href":"https:\/\/manageart.es\/es\/wp-json\/wp\/v2\/pages\/51870"}],"collection":[{"href":"https:\/\/manageart.es\/es\/wp-json\/wp\/v2\/pages"}],"about":[{"href":"https:\/\/manageart.es\/es\/wp-json\/wp\/v2\/types\/page"}],"author":[{"embeddable":true,"href":"https:\/\/manageart.es\/es\/wp-json\/wp\/v2\/users\/1"}],"replies":[{"embeddable":true,"href":"https:\/\/manageart.es\/es\/wp-json\/wp\/v2\/comments?post=51870"}],"version-history":[{"count":5,"href":"https:\/\/manageart.es\/es\/wp-json\/wp\/v2\/pages\/51870\/revisions"}],"predecessor-version":[{"id":51885,"href":"https:\/\/manageart.es\/es\/wp-json\/wp\/v2\/pages\/51870\/revisions\/51885"}],"wp:attachment":[{"href":"https:\/\/manageart.es\/es\/wp-json\/wp\/v2\/media?parent=51870"}],"curies":[{"name":"wp","href":"https:\/\/api.w.org\/{rel}","templated":true}]}}