{"id":51812,"date":"2018-01-16T15:45:22","date_gmt":"2018-01-16T14:45:22","guid":{"rendered":"https:\/\/manageart.es\/home\/"},"modified":"2021-10-14T11:58:11","modified_gmt":"2021-10-14T10:58:11","slug":"home","status":"publish","type":"page","link":"https:\/\/manageart.es\/es\/","title":{"rendered":"Home"},"content":{"rendered":"<p>[vc_row equal_height=\u00bbyes\u00bb content_placement=\u00bbtop\u00bb bg_type=\u00bbbg_color\u00bb bg_override=\u00bbex-full\u00bb type=\u00bbvc_default\u00bb css=\u00bb.vc_custom_1516198110152{padding-top: 60px !important;padding-bottom: 50px !important;background-color: #ffffff !important;}\u00bb bg_color_value=\u00bbrgba(255,255,255,0.1)\u00bb][vc_column width=\u00bb2\/3&#8243; offset=\u00bbvc_col-lg-offset-0 vc_col-lg-6 vc_col-md-offset-0 vc_col-md-6 vc_col-sm-offset-2 vc_col-xs-12&#8243;]<div id=\"ultimate-heading-298769e7597aae2e8\" class=\"uvc-heading ult-adjust-bottom-margin ultimate-heading-298769e7597aae2e8 uvc-8048 accent-border-color color-title\" data-hspacer=\"line_only\"  data-halign=\"left\" style=\"text-align:left\"><div class=\"uvc-main-heading ult-responsive\"  data-ultimate-target='.uvc-heading.ultimate-heading-298769e7597aae2e8 h1'  data-responsive-json-new='{\"font-size\":\"desktop:30px;\",\"line-height\":\"desktop:40px;\"}' ><h1 style=\"font-weight:bold;margin-bottom:10px;\">ESPECIALIZACI\u00d3N EN OPERACIONES DE LA INDUSTRIA QU\u00cdMICA Y FARMAC\u00c9UTICA<\/h1><\/div><div class=\"uvc-heading-spacer line_only\" style=\"margin-bottom:55px;height:3px;\"><span class=\"uvc-headings-line\" style=\"border-style:solid;border-bottom-width:3px;border-color:#c9c9c9;width:100px;\"><\/span><\/div><\/div>[vc_column_text css=\u00bb.vc_custom_1634208620761{padding-bottom: 20px !important;}\u00bb]El equipo de ManageArt apoya a los clientes de Pharma &amp; Chemical analizando sus resultados \u00a0y definiendo e implementando los planes de acci\u00f3n adecuados para mejorar y alcanzar los objetivos de competitividad[\/vc_column_text][\/vc_column][vc_column width=\u00bb2\/3&#8243; offset=\u00bbvc_col-lg-offset-0 vc_col-lg-6 vc_col-md-offset-0 vc_col-md-6 vc_col-sm-offset-2 vc_col-xs-12&#8243; css=\u00bb.vc_custom_1476220031159{padding-bottom: 15px !important;}\u00bb][vc_row_inner][vc_column_inner width=\u00bb1\/2&#8243;]<div class=\"aio-icon-component    style_1\"><a class=\"aio-icon-box-link\" href=\"\/pharma\/#pharma-benchmark\" ><div id=\"Info-box-wrap-6359\" class=\"aio-icon-box top-icon\" style=\"\"  ><div class=\"aio-icon-top\"><div class=\"ult-just-icon-wrapper  \"><div class=\"align-icon\" style=\"text-align:center;\">\n<div class=\"aio-icon none \" data-animation=\"bounceIn\" data-animation-delay=\"03\" style=\"color:#ff5300;font-size:64px;display:inline-block;\">\n\t<i class=\"icomoon-pixeden-stroke-32x32-world\"><\/i>\n<\/div><\/div><\/div><\/div><div class=\"aio-icon-header\" ><h4 class=\"aio-icon-title ult-responsive\"  data-ultimate-target='#Info-box-wrap-6359 .aio-icon-title'  data-responsive-json-new='{\"font-size\":\"\",\"line-height\":\"\"}'  style=\"\">Benchmark de operaciones de la industria farmac\u00e9utica<\/h4><\/div> <!-- header --><\/div> <!-- aio-icon-box --><\/a><\/div> <!-- aio-icon-component -->[\/vc_column_inner][vc_column_inner width=\u00bb1\/2&#8243;]<div class=\"aio-icon-component    style_1\"><a class=\"aio-icon-box-link\" href=\"\/pharma\/#pharma-consulting\" ><div id=\"Info-box-wrap-8453\" class=\"aio-icon-box top-icon\" style=\"\"  ><div class=\"aio-icon-top\"><div class=\"ult-just-icon-wrapper  \"><div class=\"align-icon\" style=\"text-align:center;\">\n<div class=\"aio-icon none \" data-animation=\"bounceIn\" data-animation-delay=\"03\" style=\"color:#ff5300;font-size:64px;display:inline-block;\">\n\t<i class=\"icomoon-pixeden-stroke-32x32-users\"><\/i>\n<\/div><\/div><\/div><\/div><div class=\"aio-icon-header\" ><h4 class=\"aio-icon-title ult-responsive\"  data-ultimate-target='#Info-box-wrap-8453 .aio-icon-title'  data-responsive-json-new='{\"font-size\":\"\",\"line-height\":\"\"}'  style=\"\">Consultor\u00eda en la industria qu\u00edmica y farmac\u00e9utica<\/h4><\/div> <!-- header --><\/div> <!-- aio-icon-box --><\/a><\/div> <!-- aio-icon-component -->[\/vc_column_inner][\/vc_row_inner][vc_row_inner][vc_column_inner width=\u00bb1\/2&#8243;]<div class=\"aio-icon-component    style_1\"><a class=\"aio-icon-box-link\" href=\"\/pharma\/#pharma-forum\" ><div id=\"Info-box-wrap-4715\" class=\"aio-icon-box top-icon\" style=\"\"  ><div class=\"aio-icon-top\"><div class=\"ult-just-icon-wrapper  \"><div class=\"align-icon\" style=\"text-align:center;\">\n<div class=\"aio-icon none \" data-animation=\"bounceIn\" data-animation-delay=\"03\" style=\"color:#ff5300;font-size:64px;display:inline-block;\">\n\t<i class=\"icomoon-elegent-line-icons-32x32-chat\"><\/i>\n<\/div><\/div><\/div><\/div><div class=\"aio-icon-header\" ><h4 class=\"aio-icon-title ult-responsive\"  data-ultimate-target='#Info-box-wrap-4715 .aio-icon-title'  data-responsive-json-new='{\"font-size\":\"\",\"line-height\":\"\"}'  style=\"\">Foro de la industria farmac\u00e9utica<\/h4><\/div> <!-- header --><\/div> <!-- aio-icon-box --><\/a><\/div> <!-- aio-icon-component -->[\/vc_column_inner][vc_column_inner width=\u00bb1\/2&#8243;]<div class=\"aio-icon-component    style_1\"><div id=\"Info-box-wrap-8131\" class=\"aio-icon-box top-icon\" style=\"\"  ><div class=\"aio-icon-top\"><div class=\"ult-just-icon-wrapper  \"><div class=\"align-icon\" style=\"text-align:center;\">\n<div class=\"aio-icon none \" data-animation=\"bounceIn\" data-animation-delay=\"03\" style=\"color:#ff5300;font-size:64px;display:inline-block;\">\n\t<i class=\"icomoon-elegent-line-icons-32x32-beaker\"><\/i>\n<\/div><\/div><\/div><\/div><div class=\"aio-icon-header\" ><h4 class=\"aio-icon-title ult-responsive\"  data-ultimate-target='#Info-box-wrap-8131 .aio-icon-title'  data-responsive-json-new='{\"font-size\":\"\",\"line-height\":\"\"}'  style=\"\">Benchmark de operaciones de la industria qu\u00edmica<\/h4><\/div> <!-- header --><\/div> <!-- aio-icon-box --><\/div> <!-- aio-icon-component -->[\/vc_column_inner][\/vc_row_inner][\/vc_column][\/vc_row][vc_row css=\u00bb.vc_custom_1622024859674{margin-bottom: 100px !important;border-top-width: 1px !important;border-right-width: 1px !important;border-bottom-width: 1px !important;border-left-width: 1px !important;padding-top: 40px !important;padding-right: 40px !important;padding-bottom: 40px !important;padding-left: 40px !important;background-image: url(https:\/\/manageart.es\/wp-content\/uploads\/2021\/05\/exben-banner.jpg?id=51784) !important;background-position: center !important;background-repeat: no-repeat !important;background-size: cover !important;border-left-color: #eeeeee !important;border-left-style: solid !important;border-right-color: #eeeeee !important;border-right-style: solid !important;border-top-color: #eeeeee !important;border-top-style: solid !important;border-bottom-color: #eeeeee !important;border-bottom-style: solid !important;}\u00bb el_id=\u00bbbanner_exben\u00bb][vc_column offset=\u00bbvc_col-lg-6 vc_col-md-6 vc_col-xs-12&#8243; css=\u00bb.vc_custom_1622024463839{margin: 0px !important;padding: 0px !important;}\u00bb]<div id=\"ultimate-heading-299669e7597aae9ae\" class=\"uvc-heading ult-adjust-bottom-margin ultimate-heading-299669e7597aae9ae uvc-7429 text-shadow-exben uvc-heading-default-font-sizes\" data-hspacer=\"no_spacer\"  data-halign=\"left\" style=\"text-align:left\"><div class=\"uvc-heading-spacer no_spacer\" style=\"top\"><\/div><div class=\"uvc-main-heading ult-responsive\"  data-ultimate-target='.uvc-heading.ultimate-heading-299669e7597aae9ae h3'  data-responsive-json-new='{\"font-size\":\"\",\"line-height\":\"\"}' ><h3 style=\"font-family:&#039;Roboto&#039;;font-weight:700;color:#ffffff;margin-top:0px;margin-bottom:20px;\">\u00bfConoces la metodolog\u00eda de Exben para mejorar los resultados de las plantas farmac\u00e9uticas y qu\u00edmicas?<\/h3><\/div><\/div>[vc_btn title=\u00bbIr a Exben\u00bb color=\u00bbwhite\u00bb size=\u00bblg\u00bb align=\u00bbleft\u00bb link=\u00bburl:https%3A%2F%2Fexben.manageart.es%2Fes|title:Go%20to%20Exben|target:_blank\u00bb css=\u00bb.vc_custom_1634209017726{margin-top: 0px !important;margin-right: 0px !important;margin-bottom: 0px !important;margin-left: 0px !important;}\u00bb el_class=\u00bbbtn-exben\u00bb][\/vc_column][\/vc_row][vc_row full_width=\u00bbstretch_row\u00bb css=\u00bb.vc_custom_1516198569045{padding-top: 60px !important;padding-bottom: 50px !important;background-color: #f6f6f6 !important;}\u00bb][vc_column width=\u00bb1\/2&#8243;]<div id=\"ultimate-heading-844569e7597aaea32\" class=\"uvc-heading ult-adjust-bottom-margin ultimate-heading-844569e7597aaea32 uvc-3361 accent-border-color color-title\" data-hspacer=\"line_only\"  data-halign=\"left\" style=\"text-align:left\"><div class=\"uvc-main-heading ult-responsive\"  data-ultimate-target='.uvc-heading.ultimate-heading-844569e7597aaea32 h1'  data-responsive-json-new='{\"font-size\":\"desktop:30px;\",\"line-height\":\"desktop:40px;\"}' ><h1 style=\"font-weight:bold;margin-bottom:10px;\">BUSINESS CONSULTING<\/h1><\/div><div class=\"uvc-heading-spacer line_only\" style=\"margin-bottom:55px;height:3px;\"><span class=\"uvc-headings-line\" style=\"border-style:solid;border-bottom-width:3px;border-color:#c9c9c9;width:100px;\"><\/span><\/div><\/div>[vc_column_text css=\u00bb.vc_custom_1634209039250{padding-bottom: 20px !important;}\u00bb]Apoyamos a nuestros clientes desde la definici\u00f3n de la estrategia hasta la implementaci\u00f3n de la hoja de ruta operativa para diferentes industrias, con enfoque espec\u00edfico para Startups ayud\u00e1ndoles tanto en el dise\u00f1o de la estrategia de crecimiento como en la reestructuraci\u00f3n de proyectos.[\/vc_column_text][\/vc_column][vc_column width=\u00bb1\/2&#8243;][vc_row_inner][vc_column_inner width=\u00bb1\/2&#8243;]<div class=\"aio-icon-component    style_1\"><a class=\"aio-icon-box-link\" href=\"\/business-consulting\/#business-consulting-strategy\" ><div id=\"Info-box-wrap-2614\" class=\"aio-icon-box top-icon\" style=\"\"  ><div class=\"aio-icon-top\"><div class=\"ult-just-icon-wrapper  \"><div class=\"align-icon\" style=\"text-align:center;\">\n<div class=\"aio-icon none \" data-animation=\"bounceIn\" data-animation-delay=\"03\" style=\"color:#ff5300;font-size:64px;display:inline-block;\">\n\t<i class=\"icomoon-pixeden-stroke-32x32-display2\"><\/i>\n<\/div><\/div><\/div><\/div><div class=\"aio-icon-header\" ><h4 class=\"aio-icon-title ult-responsive\"  data-ultimate-target='#Info-box-wrap-2614 .aio-icon-title'  data-responsive-json-new='{\"font-size\":\"\",\"line-height\":\"\"}'  style=\"\">Planes estrat\u00e9gicos<\/h4><\/div> <!-- header --><\/div> <!-- aio-icon-box --><\/a><\/div> <!-- aio-icon-component -->[\/vc_column_inner][vc_column_inner width=\u00bb1\/2&#8243;]<div class=\"aio-icon-component    style_1\"><a class=\"aio-icon-box-link\" href=\"\/business-consulting\/#business-consulting-organization\" ><div id=\"Info-box-wrap-3674\" class=\"aio-icon-box top-icon\" style=\"\"  ><div class=\"aio-icon-top\"><div class=\"ult-just-icon-wrapper  \"><div class=\"align-icon\" style=\"text-align:center;\">\n<div class=\"aio-icon none \" data-animation=\"bounceIn\" data-animation-delay=\"03\" style=\"color:#ff5300;font-size:64px;display:inline-block;\">\n\t<i class=\"icomoon-pixeden-stroke-32x32-id\"><\/i>\n<\/div><\/div><\/div><\/div><div class=\"aio-icon-header\" ><h4 class=\"aio-icon-title ult-responsive\"  data-ultimate-target='#Info-box-wrap-3674 .aio-icon-title'  data-responsive-json-new='{\"font-size\":\"\",\"line-height\":\"\"}'  style=\"\">Definici\u00f3n de la organizaci\u00f3n<\/h4><\/div> <!-- header --><\/div> <!-- aio-icon-box --><\/a><\/div> <!-- aio-icon-component -->[\/vc_column_inner][\/vc_row_inner][vc_row_inner][vc_column_inner width=\u00bb1\/2&#8243;]<div class=\"aio-icon-component    style_1\"><a class=\"aio-icon-box-link\" href=\"\/business-consulting\/#business-consulting-operational\" ><div id=\"Info-box-wrap-9164\" class=\"aio-icon-box top-icon\" style=\"\"  ><div class=\"aio-icon-top\"><div class=\"ult-just-icon-wrapper  \"><div class=\"align-icon\" style=\"text-align:center;\">\n<div class=\"aio-icon none \" data-animation=\"bounceIn\" data-animation-delay=\"03\" style=\"color:#ff5300;font-size:64px;display:inline-block;\">\n\t<i class=\"icomoon-pixeden-stroke-32x32-note2\"><\/i>\n<\/div><\/div><\/div><\/div><div class=\"aio-icon-header\" ><h4 class=\"aio-icon-title ult-responsive\"  data-ultimate-target='#Info-box-wrap-9164 .aio-icon-title'  data-responsive-json-new='{\"font-size\":\"\",\"line-height\":\"\"}'  style=\"\">Programas de mejora operacional <\/h4><\/div> <!-- header --><\/div> <!-- aio-icon-box --><\/a><\/div> <!-- aio-icon-component -->[\/vc_column_inner][vc_column_inner width=\u00bb1\/2&#8243;]<div class=\"aio-icon-component    style_1\"><a class=\"aio-icon-box-link\" href=\"\/business-consulting\/#startups\" ><div id=\"Info-box-wrap-8196\" class=\"aio-icon-box top-icon\" style=\"\"  ><div class=\"aio-icon-top\"><div class=\"ult-just-icon-wrapper  \"><div class=\"align-icon\" style=\"text-align:center;\">\n<div class=\"aio-icon none \" data-animation=\"bounceIn\" data-animation-delay=\"03\" style=\"color:#ff5300;font-size:64px;display:inline-block;\">\n\t<i class=\"icomoon-elegent-line-icons-32x32-lightbulb\"><\/i>\n<\/div><\/div><\/div><\/div><div class=\"aio-icon-header\" ><h4 class=\"aio-icon-title ult-responsive\"  data-ultimate-target='#Info-box-wrap-8196 .aio-icon-title'  data-responsive-json-new='{\"font-size\":\"\",\"line-height\":\"\"}'  style=\"\">Consultor\u00eda startups<\/h4><\/div> <!-- header --><\/div> <!-- aio-icon-box --><\/a><\/div> <!-- aio-icon-component -->[\/vc_column_inner][\/vc_row_inner][\/vc_column][\/vc_row]<\/p>\n","protected":false},"excerpt":{"rendered":"<p>[vc_row equal_height=\u00bbyes\u00bb content_placement=\u00bbtop\u00bb bg_type=\u00bbbg_color\u00bb bg_override=\u00bbex-full\u00bb type=\u00bbvc_default\u00bb css=\u00bb.vc_custom_1516198110152{padding-top: 60px !important;padding-bottom: 50px !important;background-color: #ffffff !important;}\u00bb bg_color_value=\u00bbrgba(255,255,255,0.1)\u00bb][vc_column width=\u00bb2\/3&#8243; offset=\u00bbvc_col-lg-offset-0 vc_col-lg-6 vc_col-md-offset-0 vc_col-md-6 vc_col-sm-offset-2 vc_col-xs-12&#8243;][vc_column_text css=\u00bb.vc_custom_1634208620761{padding-bottom: 20px !important;}\u00bb]El equipo de ManageArt apoya a los clientes de Pharma &amp; Chemical analizando sus resultados \u00a0y definiendo e implementando los planes de acci\u00f3n adecuados para mejorar y alcanzar los objetivos de competitividad[\/vc_column_text][\/vc_column][vc_column&hellip;<\/p>\n","protected":false},"author":1,"featured_media":0,"parent":0,"menu_order":1,"comment_status":"closed","ping_status":"closed","template":"","meta":{"_mi_skip_tracking":false,"_exactmetrics_sitenote_active":false,"_exactmetrics_sitenote_note":"","_exactmetrics_sitenote_category":0,"footnotes":""},"_links":{"self":[{"href":"https:\/\/manageart.es\/es\/wp-json\/wp\/v2\/pages\/51812"}],"collection":[{"href":"https:\/\/manageart.es\/es\/wp-json\/wp\/v2\/pages"}],"about":[{"href":"https:\/\/manageart.es\/es\/wp-json\/wp\/v2\/types\/page"}],"author":[{"embeddable":true,"href":"https:\/\/manageart.es\/es\/wp-json\/wp\/v2\/users\/1"}],"replies":[{"embeddable":true,"href":"https:\/\/manageart.es\/es\/wp-json\/wp\/v2\/comments?post=51812"}],"version-history":[{"count":7,"href":"https:\/\/manageart.es\/es\/wp-json\/wp\/v2\/pages\/51812\/revisions"}],"predecessor-version":[{"id":51841,"href":"https:\/\/manageart.es\/es\/wp-json\/wp\/v2\/pages\/51812\/revisions\/51841"}],"wp:attachment":[{"href":"https:\/\/manageart.es\/es\/wp-json\/wp\/v2\/media?parent=51812"}],"curies":[{"name":"wp","href":"https:\/\/api.w.org\/{rel}","templated":true}]}}